{"id":82,"date":"2021-10-06T10:07:01","date_gmt":"2021-10-06T10:07:01","guid":{"rendered":"https:\/\/www.kauneuscocktail.fi\/?page_id=82"},"modified":"2024-01-16T12:56:18","modified_gmt":"2024-01-16T12:56:18","slug":"hinnasto","status":"publish","type":"page","link":"https:\/\/www.kauneuscocktail.fi\/index.php\/hinnasto\/","title":{"rendered":"Palvelumme"},"content":{"rendered":"<p>[et_pb_section fb_built=&#8221;1&#8243; custom_padding_last_edited=&#8221;off|desktop&#8221; admin_label=&#8221;Header Section&#8221; _builder_version=&#8221;4.16&#8243; background_image=&#8221;https:\/\/www.kauneuscocktail.fi\/wp-content\/uploads\/2021\/10\/kauneuscocktail-parturikampaamo-tervajoella-04.png&#8221; background_position=&#8221;bottom_center&#8221; custom_padding=&#8221;8%|0px|8.3%|0px||&#8221; custom_padding_tablet=&#8221;320px|0px|0px|0px&#8221; global_colors_info=&#8221;{}&#8221;][et_pb_row admin_label=&#8221;Header Row&#8221; _builder_version=&#8221;4.16&#8243; global_colors_info=&#8221;{}&#8221;][et_pb_column type=&#8221;4_4&#8243; _builder_version=&#8221;4.16&#8243; custom_padding=&#8221;|||&#8221; global_colors_info=&#8221;{}&#8221; custom_padding__hover=&#8221;|||&#8221;][et_pb_text _builder_version=&#8221;4.16&#8243; text_font=&#8221;Open Sans|600|||||||&#8221; text_font_size=&#8221;16px&#8221; text_line_height=&#8221;1.8em&#8221; header_font=&#8221;Liberika Oblique||||||||&#8221; header_font_size=&#8221;98px&#8221; header_line_height=&#8221;1.4em&#8221; text_orientation=&#8221;center&#8221; max_width=&#8221;700px&#8221; module_alignment=&#8221;center&#8221; animation_style=&#8221;fade&#8221; global_colors_info=&#8221;{}&#8221;]<\/p>\n<h1>Palvelumme<\/h1>\n<p>[\/et_pb_text][\/et_pb_column][\/et_pb_row][\/et_pb_section][et_pb_section fb_built=&#8221;1&#8243; admin_label=&#8221;Juice Categories Section&#8221; _builder_version=&#8221;4.16&#8243; background_color=&#8221;#ddcfca&#8221; custom_padding=&#8221;100px|0px|100px|0px&#8221; global_colors_info=&#8221;{}&#8221;][et_pb_row column_structure=&#8221;1_4,1_4,1_4,1_4&#8243; use_custom_gutter=&#8221;on&#8221; admin_label=&#8221;Juice Types Row&#8221; _builder_version=&#8221;4.23.4&#8243; hover_enabled=&#8221;0&#8243; global_colors_info=&#8221;{}&#8221; sticky_enabled=&#8221;0&#8243;][et_pb_column type=&#8221;1_4&#8243; _builder_version=&#8221;4.16&#8243; custom_padding=&#8221;|||&#8221; global_colors_info=&#8221;{}&#8221; custom_padding__hover=&#8221;|||&#8221;][et_pb_blurb title=&#8221;Parturi-kampaajat&#8221; image=&#8221;https:\/\/www.kauneuscocktail.fi\/wp-content\/uploads\/2021\/12\/Kauneus-coctail-parturi-hieroja-kosmetologi-tervajoki-14.jpg&#8221; content_max_width=&#8221;500px&#8221; admin_label=&#8221;Juice Type&#8221; _builder_version=&#8221;4.16&#8243; header_font=&#8221;Oswald|||on|||||&#8221; header_text_align=&#8221;center&#8221; header_font_size=&#8221;20px&#8221; header_letter_spacing=&#8221;2px&#8221; header_line_height=&#8221;1.4em&#8221; body_font=&#8221;Open Sans|600|||||||&#8221; body_text_align=&#8221;center&#8221; body_font_size=&#8221;16px&#8221; body_line_height=&#8221;1.8em&#8221; global_colors_info=&#8221;{}&#8221;]<\/p>\n<p>Emma ja Krista loihtivat hiuksiisi muutoksen k\u00e4denk\u00e4\u00e4nteess\u00e4!<\/p>\n<p>[\/et_pb_blurb][et_pb_button button_url=&#8221;@ET-DC@eyJkeW5hbWljIjp0cnVlLCJjb250ZW50IjoicG9zdF9saW5rX3VybF9wYWdlIiwic2V0dGluZ3MiOnsicG9zdF9pZCI6IjEwOSJ9fQ==@&#8221; button_text=&#8221;Tutustu!&#8221; button_alignment=&#8221;center&#8221; _builder_version=&#8221;4.16&#8243; _dynamic_attributes=&#8221;button_url&#8221; _module_preset=&#8221;default&#8221; global_colors_info=&#8221;{}&#8221;][\/et_pb_button][\/et_pb_column][et_pb_column type=&#8221;1_4&#8243; _builder_version=&#8221;4.16&#8243; custom_padding=&#8221;|||&#8221; global_colors_info=&#8221;{}&#8221; custom_padding__hover=&#8221;|||&#8221;][et_pb_blurb title=&#8221;Kosmetologi&#8221; image=&#8221;https:\/\/www.kauneuscocktail.fi\/wp-content\/uploads\/2021\/12\/Kauneus-coctail-parturi-hieroja-kosmetologi-tervajoki-37.jpg&#8221; admin_label=&#8221;Juice Type&#8221; _builder_version=&#8221;4.16&#8243; header_font=&#8221;Oswald|||on|||||&#8221; header_text_align=&#8221;center&#8221; header_font_size=&#8221;20px&#8221; header_letter_spacing=&#8221;2px&#8221; header_line_height=&#8221;1.4em&#8221; body_font=&#8221;Open Sans|600|||||||&#8221; body_text_align=&#8221;center&#8221; body_font_size=&#8221;16px&#8221; body_line_height=&#8221;1.8em&#8221; global_colors_info=&#8221;{}&#8221;]<\/p>\n<p>Marianne tarjoaa kattavat kosmetologipalvelut!<\/p>\n<p>[\/et_pb_blurb][et_pb_button button_url=&#8221;@ET-DC@eyJkeW5hbWljIjp0cnVlLCJjb250ZW50IjoicG9zdF9saW5rX3VybF9wYWdlIiwic2V0dGluZ3MiOnsicG9zdF9pZCI6IjExMyJ9fQ==@&#8221; button_text=&#8221;Tutustu!&#8221; button_alignment=&#8221;center&#8221; _builder_version=&#8221;4.16&#8243; _dynamic_attributes=&#8221;button_url&#8221; _module_preset=&#8221;default&#8221; box_shadow_style=&#8221;preset3&#8243; global_colors_info=&#8221;{}&#8221;][\/et_pb_button][\/et_pb_column][et_pb_column type=&#8221;1_4&#8243; _builder_version=&#8221;4.16&#8243; custom_padding=&#8221;|||&#8221; global_colors_info=&#8221;{}&#8221; custom_padding__hover=&#8221;|||&#8221;][et_pb_blurb title=&#8221;hieroja&#8221; image=&#8221;https:\/\/www.kauneuscocktail.fi\/wp-content\/uploads\/2021\/12\/Kauneus-coctail-parturi-hieroja-kosmetologi-tervajoki-31.jpg&#8221; admin_label=&#8221;Juice Type&#8221; _builder_version=&#8221;4.16&#8243; header_font=&#8221;Oswald|||on|||||&#8221; header_text_align=&#8221;center&#8221; header_font_size=&#8221;20px&#8221; header_letter_spacing=&#8221;2px&#8221; header_line_height=&#8221;1.4em&#8221; body_font=&#8221;Open Sans|600|||||||&#8221; body_text_align=&#8221;center&#8221; body_font_size=&#8221;16px&#8221; body_line_height=&#8221;1.8em&#8221; custom_margin=&#8221;-4px|||||&#8221; custom_margin_tablet=&#8221;0px|||&#8221; custom_margin_phone=&#8221;&#8221; custom_margin_last_edited=&#8221;on|tablet&#8221; global_colors_info=&#8221;{}&#8221;]<\/p>\n<p>Pirita avaa pahimmatkin jumit ja tekee koko vartalon rentoutuksen tarpeidesi mukaan!<\/p>\n<p>[\/et_pb_blurb][et_pb_button button_url=&#8221;@ET-DC@eyJkeW5hbWljIjp0cnVlLCJjb250ZW50IjoicG9zdF9saW5rX3VybF9wYWdlIiwic2V0dGluZ3MiOnsicG9zdF9pZCI6IjEzMSJ9fQ==@&#8221; button_text=&#8221;Tutustu!&#8221; button_alignment=&#8221;center&#8221; _builder_version=&#8221;4.16&#8243; _dynamic_attributes=&#8221;button_url&#8221; _module_preset=&#8221;default&#8221; box_shadow_style=&#8221;preset3&#8243; global_colors_info=&#8221;{}&#8221;][\/et_pb_button][\/et_pb_column][et_pb_column _builder_version=&#8221;4.23.4&#8243; _module_preset=&#8221;default&#8221; type=&#8221;1_4&#8243;][et_pb_blurb title=&#8221;Jalkahoitaja&#8221; image=&#8221;https:\/\/www.kauneuscocktail.fi\/wp-content\/uploads\/2024\/01\/kauneuscocktail-jalkahoitaja-tervajoki-scaled.jpg&#8221; admin_label=&#8221;Juice Type&#8221; _builder_version=&#8221;4.23.4&#8243; header_font=&#8221;Oswald|||on|||||&#8221; header_text_align=&#8221;center&#8221; header_font_size=&#8221;20px&#8221; header_letter_spacing=&#8221;2px&#8221; header_line_height=&#8221;1.4em&#8221; body_font=&#8221;Open Sans|600|||||||&#8221; body_text_align=&#8221;center&#8221; body_font_size=&#8221;16px&#8221; body_line_height=&#8221;1.8em&#8221; custom_margin=&#8221;-4px|||||&#8221; custom_margin_tablet=&#8221;0px|||&#8221; custom_margin_phone=&#8221;&#8221; custom_margin_last_edited=&#8221;on|tablet&#8221; hover_enabled=&#8221;0&#8243; global_colors_info=&#8221;{}&#8221; title_text=&#8221;kauneuscocktail-jalkahoitaja-tervajoki&#8221; sticky_enabled=&#8221;0&#8243;]<\/p>\n<p>Niina tekee rentouttavat jalkahoidot ja taikoo jalkasi pehmeiksi.<\/p>\n<p>[\/et_pb_blurb][et_pb_button button_url=&#8221;@ET-DC@eyJkeW5hbWljIjp0cnVlLCJjb250ZW50IjoicG9zdF9saW5rX3VybF9wYWdlIiwic2V0dGluZ3MiOnsicG9zdF9pZCI6IjY0NiJ9fQ==@&#8221; button_text=&#8221;Tutustu!&#8221; button_alignment=&#8221;center&#8221; _builder_version=&#8221;4.23.4&#8243; _dynamic_attributes=&#8221;button_url&#8221; _module_preset=&#8221;default&#8221; hover_enabled=&#8221;0&#8243; box_shadow_style=&#8221;preset3&#8243; global_colors_info=&#8221;{}&#8221; sticky_enabled=&#8221;0&#8243;][\/et_pb_button][\/et_pb_column][\/et_pb_row][et_pb_row _builder_version=&#8221;4.16&#8243; _module_preset=&#8221;default&#8221; background_enable_image=&#8221;off&#8221; global_colors_info=&#8221;{}&#8221;][et_pb_column type=&#8221;4_4&#8243; _builder_version=&#8221;4.16&#8243; _module_preset=&#8221;default&#8221; global_colors_info=&#8221;{}&#8221;][et_pb_blurb title=&#8221;lahjakortti&#8221; image=&#8221;https:\/\/www.kauneuscocktail.fi\/wp-content\/uploads\/2021\/10\/logo.png&#8221; admin_label=&#8221;Juice Type&#8221; _builder_version=&#8221;4.16&#8243; header_font=&#8221;Oswald|||on|||||&#8221; header_text_align=&#8221;center&#8221; header_font_size=&#8221;20px&#8221; header_letter_spacing=&#8221;2px&#8221; header_line_height=&#8221;1.4em&#8221; body_font=&#8221;Open Sans|600|||||||&#8221; body_text_align=&#8221;center&#8221; body_font_size=&#8221;16px&#8221; body_line_height=&#8221;1.8em&#8221; custom_margin=&#8221;60px|||&#8221; custom_margin_tablet=&#8221;0px|||&#8221; custom_margin_phone=&#8221;&#8221; custom_margin_last_edited=&#8221;on|tablet&#8221; global_colors_info=&#8221;{}&#8221;]<\/p>\n<p>Muista l\u00e4heist\u00e4si lahjakortillamme! Voit valita kattavista palveluistamme tai tekij\u00f6ist\u00e4 mieluisimman ja antaa lahjan saajalle upean yll\u00e4tyksen!<\/p>\n<p>[\/et_pb_blurb][et_pb_button button_url=&#8221;@ET-DC@eyJkeW5hbWljIjp0cnVlLCJjb250ZW50IjoicG9zdF9saW5rX3VybF9wYWdlIiwic2V0dGluZ3MiOnsicG9zdF9pZCI6IjMzMSJ9fQ==@&#8221; button_text=&#8221;Ota yhteytt\u00e4!&#8221; button_alignment=&#8221;center&#8221; _builder_version=&#8221;4.23.4&#8243; _module_preset=&#8221;default&#8221; hover_enabled=&#8221;0&#8243; box_shadow_style=&#8221;preset3&#8243; global_colors_info=&#8221;{}&#8221; _dynamic_attributes=&#8221;button_url&#8221; url_new_window=&#8221;on&#8221; sticky_enabled=&#8221;0&#8243;][\/et_pb_button][\/et_pb_column][\/et_pb_row][\/et_pb_section][et_pb_section fb_built=&#8221;1&#8243; admin_label=&#8221;Footer Section&#8221; _builder_version=&#8221;4.9.11&#8243; background_color=&#8221;#81736D&#8221; custom_padding=&#8221;101px|0px|101px|0px&#8221; global_module=&#8221;222&#8243; saved_tabs=&#8221;all&#8221; global_colors_info=&#8221;{}&#8221;][et_pb_row column_structure=&#8221;1_4,1_4,1_4,1_4&#8243; admin_label=&#8221;Footer Row&#8221; _builder_version=&#8221;4.16&#8243; global_colors_info=&#8221;{}&#8221;][et_pb_column type=&#8221;1_4&#8243; _builder_version=&#8221;4.16&#8243; custom_padding=&#8221;|||&#8221; global_colors_info=&#8221;{}&#8221; custom_padding__hover=&#8221;|||&#8221;][et_pb_image src=&#8221;https:\/\/www.kauneuscocktail.fi\/wp-content\/uploads\/2021\/10\/logo.png&#8221; title_text=&#8221;logo&#8221; _builder_version=&#8221;4.16&#8243; _module_preset=&#8221;default&#8221; global_colors_info=&#8221;{}&#8221;][\/et_pb_image][\/et_pb_column][et_pb_column type=&#8221;1_4&#8243; _builder_version=&#8221;4.16&#8243; custom_padding=&#8221;|||&#8221; global_colors_info=&#8221;{}&#8221; custom_padding__hover=&#8221;|||&#8221;][et_pb_text admin_label=&#8221;Links&#8221; _builder_version=&#8221;4.16&#8243; text_font=&#8221;Abhaya Libre|600|||||||&#8221; text_text_color=&#8221;#ffffff&#8221; text_font_size=&#8221;18px&#8221; text_line_height=&#8221;1.4em&#8221; link_font=&#8221;Open Sans|600|||||||&#8221; link_text_color=&#8221;#ffffff&#8221; link_line_height=&#8221;2.5em&#8221; header_font=&#8221;||||||||&#8221; header_2_font=&#8221;||||||||&#8221; header_3_font=&#8221;||||||||&#8221; header_6_font=&#8221;Liberika Oblique|600|||||||&#8221; header_6_text_color=&#8221;rgba(255,255,255,0.4)&#8221; header_6_font_size=&#8221;30px&#8221; header_6_line_height=&#8221;1.7em&#8221; background_layout=&#8221;dark&#8221; module_alignment=&#8221;center&#8221; custom_margin=&#8221;|||&#8221; custom_margin_tablet=&#8221;0px|||&#8221; custom_margin_phone=&#8221;|||&#8221; custom_margin_last_edited=&#8221;off|desktop&#8221; text_line_height_last_edited=&#8221;off|desktop&#8221; global_colors_info=&#8221;{}&#8221;]<\/p>\n<h6>L\u00f6yd\u00e4t meid\u00e4t t\u00e4\u00e4lt\u00e4<\/h6>\n<p>Loukontie 2<br \/>66440 Tervajoki<\/p>\n<p>[\/et_pb_text][\/et_pb_column][et_pb_column type=&#8221;1_4&#8243; _builder_version=&#8221;4.16&#8243; custom_padding=&#8221;|||&#8221; global_colors_info=&#8221;{}&#8221; custom_padding__hover=&#8221;|||&#8221;][et_pb_text admin_label=&#8221;Links&#8221; _builder_version=&#8221;4.23.4&#8243; text_font=&#8221;Abhaya Libre|600|||||||&#8221; text_text_color=&#8221;#ffffff&#8221; text_font_size=&#8221;17px&#8221; text_line_height=&#8221;1em&#8221; link_font=&#8221;Open Sans|600|||||||&#8221; link_text_color=&#8221;#ffffff&#8221; link_line_height=&#8221;2.5em&#8221; header_font=&#8221;||||||||&#8221; header_2_font=&#8221;||||||||&#8221; header_3_font=&#8221;||||||||&#8221; header_6_font=&#8221;Liberika Oblique|600|||||||&#8221; header_6_text_color=&#8221;rgba(255,255,255,0.4)&#8221; header_6_font_size=&#8221;32px&#8221; header_6_line_height=&#8221;1.7em&#8221; background_layout=&#8221;dark&#8221; module_alignment=&#8221;center&#8221; custom_margin=&#8221;|||&#8221; custom_margin_tablet=&#8221;0px|||&#8221; custom_margin_phone=&#8221;|||&#8221; custom_margin_last_edited=&#8221;off|desktop&#8221; text_line_height_last_edited=&#8221;off|desktop&#8221; header_font_size_tablet=&#8221;&#8221; header_font_size_phone=&#8221;&#8221; header_font_size_last_edited=&#8221;on|phone&#8221; global_colors_info=&#8221;{}&#8221;]<\/p>\n<h6>Ota yhteytt\u00e4<\/h6>\n<p>Krista <a href=\"tel:+358505457379\">050 545 7379<\/a><br \/>Emma <a href=\"tel:+358456030668\">045 603 0668<\/a><br \/>Marianne <a href=\"tel:+358407453536\">040 745 3536<\/a><br \/>Pirita <a href=\"tel:+35850%20533 9173\"><span>050 533 9173<\/span><\/a><br \/>Niina <a href=\"tel:+358456928750\">045 692 8750<\/a><\/p>\n<p>[\/et_pb_text][\/et_pb_column][et_pb_column type=&#8221;1_4&#8243; _builder_version=&#8221;4.16&#8243; custom_padding=&#8221;|||&#8221; global_colors_info=&#8221;{}&#8221; custom_padding__hover=&#8221;|||&#8221;][et_pb_text admin_label=&#8221;Links&#8221; _builder_version=&#8221;4.16&#8243; text_font=&#8221;Abhaya Libre|500|||||||&#8221; text_text_color=&#8221;#ffffff&#8221; text_font_size=&#8221;17px&#8221; text_line_height=&#8221;1.2em&#8221; link_font=&#8221;Open Sans|600|||||||&#8221; link_text_color=&#8221;#ffffff&#8221; link_line_height=&#8221;2.5em&#8221; header_font=&#8221;||||||||&#8221; header_2_font=&#8221;||||||||&#8221; header_3_font=&#8221;||||||||&#8221; header_6_font=&#8221;Liberika Oblique|600|||||||&#8221; header_6_text_color=&#8221;rgba(255,255,255,0.4)&#8221; header_6_font_size=&#8221;32px&#8221; header_6_line_height=&#8221;1.7em&#8221; background_layout=&#8221;dark&#8221; module_alignment=&#8221;center&#8221; custom_margin=&#8221;|||&#8221; custom_margin_tablet=&#8221;0px|||&#8221; custom_margin_phone=&#8221;|||&#8221; custom_margin_last_edited=&#8221;off|desktop&#8221; text_line_height_last_edited=&#8221;off|desktop&#8221; global_colors_info=&#8221;{}&#8221;]<\/p>\n<h6>Aukioloajat<\/h6>\n<p>Sopimuksen mukaan maanantaista lauantaihin<\/p>\n<p>[\/et_pb_text][\/et_pb_column][\/et_pb_row][\/et_pb_section]<\/p>\n","protected":false},"excerpt":{"rendered":"<p>PalvelummeEmma ja Krista loihtivat hiuksiisi muutoksen k\u00e4denk\u00e4\u00e4nteess\u00e4!Marianne tarjoaa kattavat kosmetologipalvelut!Pirita avaa pahimmatkin jumit ja tekee koko vartalon rentoutuksen tarpeidesi mukaan!Niina tekee rentouttavat jalkahoidot ja taikoo jalkasi pehmeiksi.Muista l\u00e4heist\u00e4si lahjakortillamme! Voit valita kattavista palveluistamme tai tekij\u00f6ist\u00e4 mieluisimman ja antaa lahjan saajalle upean yll\u00e4tyksen!L\u00f6yd\u00e4t meid\u00e4t t\u00e4\u00e4lt\u00e4 Loukontie 266440 TervajokiOta yhteytt\u00e4 Krista 050 545 7379Emma 045 603 0668Marianne [&hellip;]<\/p>\n","protected":false},"author":1,"featured_media":0,"parent":0,"menu_order":0,"comment_status":"closed","ping_status":"closed","template":"","meta":{"_et_pb_use_builder":"on","_et_pb_old_content":"","_et_gb_content_width":"","footnotes":""},"class_list":["post-82","page","type-page","status-publish","hentry"],"_links":{"self":[{"href":"https:\/\/www.kauneuscocktail.fi\/index.php\/wp-json\/wp\/v2\/pages\/82","targetHints":{"allow":["GET"]}}],"collection":[{"href":"https:\/\/www.kauneuscocktail.fi\/index.php\/wp-json\/wp\/v2\/pages"}],"about":[{"href":"https:\/\/www.kauneuscocktail.fi\/index.php\/wp-json\/wp\/v2\/types\/page"}],"author":[{"embeddable":true,"href":"https:\/\/www.kauneuscocktail.fi\/index.php\/wp-json\/wp\/v2\/users\/1"}],"replies":[{"embeddable":true,"href":"https:\/\/www.kauneuscocktail.fi\/index.php\/wp-json\/wp\/v2\/comments?post=82"}],"version-history":[{"count":19,"href":"https:\/\/www.kauneuscocktail.fi\/index.php\/wp-json\/wp\/v2\/pages\/82\/revisions"}],"predecessor-version":[{"id":678,"href":"https:\/\/www.kauneuscocktail.fi\/index.php\/wp-json\/wp\/v2\/pages\/82\/revisions\/678"}],"wp:attachment":[{"href":"https:\/\/www.kauneuscocktail.fi\/index.php\/wp-json\/wp\/v2\/media?parent=82"}],"curies":[{"name":"wp","href":"https:\/\/api.w.org\/{rel}","templated":true}]}}