{"id":2,"date":"2019-06-05T11:39:57","date_gmt":"2019-06-05T11:39:57","guid":{"rendered":"https:\/\/www.kauneuscocktail.fi\/?page_id=2"},"modified":"2024-01-18T14:45:15","modified_gmt":"2024-01-18T14:45:15","slug":"sample-page","status":"publish","type":"page","link":"https:\/\/www.kauneuscocktail.fi\/","title":{"rendered":"Kauneus Cocktail"},"content":{"rendered":"<p>[et_pb_section fb_built=&#8221;1&#8243; custom_padding_last_edited=&#8221;on|phone&#8221; _builder_version=&#8221;4.23.4&#8243; _module_preset=&#8221;default&#8221; background_image=&#8221;https:\/\/www.kauneuscocktail.fi\/wp-content\/uploads\/2024\/01\/kauneuscocktail-kansikuva-scaled.jpg&#8221; min_height=&#8221;206.8px&#8221; height=&#8221;334px&#8221; max_height=&#8221;779px&#8221; custom_padding=&#8221;312px||455px|||&#8221; custom_padding_tablet=&#8221;172px||392px|||&#8221; custom_padding_phone=&#8221;265px||27px||false|false&#8221; hover_enabled=&#8221;0&#8243; background_last_edited=&#8221;on|phone&#8221; background_size_phone=&#8221;cover&#8221; global_colors_info=&#8221;{}&#8221; title_text=&#8221;kauneuscocktail-kansikuva&#8221; sticky_enabled=&#8221;0&#8243; parallax_phone=&#8221;off&#8221;][et_pb_row _builder_version=&#8221;4.16&#8243; _module_preset=&#8221;default&#8221; custom_margin=&#8221;||||false|false&#8221; custom_margin_tablet=&#8221;88px|auto||auto|false|false&#8221; custom_margin_phone=&#8221;5px||||false|false&#8221; custom_margin_last_edited=&#8221;on|phone&#8221; global_colors_info=&#8221;{}&#8221; custom_padding=&#8221;135px|||||&#8221;][et_pb_column type=&#8221;4_4&#8243; _builder_version=&#8221;4.16&#8243; _module_preset=&#8221;default&#8221; global_colors_info=&#8221;{}&#8221;][et_pb_text _builder_version=&#8221;4.23.4&#8243; _module_preset=&#8221;default&#8221; text_font=&#8221;Liberika Oblique||||||||&#8221; text_text_color=&#8221;#ffffff&#8221; text_font_size=&#8221;98px&#8221; min_height=&#8221;72px&#8221; custom_margin=&#8221;10px||27px|||&#8221; hover_enabled=&#8221;0&#8243; text_font_size_tablet=&#8221;&#8221; text_font_size_phone=&#8221;64px&#8221; text_font_size_last_edited=&#8221;on|phone&#8221; text_line_height_tablet=&#8221;&#8221; text_line_height_phone=&#8221;1em&#8221; text_line_height_last_edited=&#8221;on|phone&#8221; header_font_size_tablet=&#8221;&#8221; header_font_size_phone=&#8221;39px&#8221; header_font_size_last_edited=&#8221;on|phone&#8221; global_colors_info=&#8221;{}&#8221; sticky_enabled=&#8221;0&#8243; text_text_color_last_edited=&#8221;on|desktop&#8221; text_text_color_phone=&#8221;#7799AA&#8221; text_text_color_tablet=&#8221;#ffffff&#8221;]<\/p>\n<p style=\"text-align: center;\">Kauneus Cocktail<\/p>\n<p>[\/et_pb_text][et_pb_text _builder_version=&#8221;4.16&#8243; _module_preset=&#8221;default&#8221; text_font=&#8221;Abhaya Libre||||||||&#8221; text_text_color=&#8221;#DDDDCC&#8221; text_font_size=&#8221;24px&#8221; text_letter_spacing=&#8221;1px&#8221; custom_margin=&#8221;-25px||10px|||&#8221; custom_padding=&#8221;||17px|||&#8221; text_font_size_tablet=&#8221;&#8221; text_font_size_phone=&#8221;20px&#8221; text_font_size_last_edited=&#8221;on|phone&#8221; global_colors_info=&#8221;{}&#8221;]<\/p>\n<p style=\"text-align: center;\">KAUNEUTTA JA HYVINVOINTIA P\u00c4\u00c4ST\u00c4 VARPAISIIN<\/p>\n<p>[\/et_pb_text][et_pb_button button_url=&#8221;@ET-DC@eyJkeW5hbWljIjp0cnVlLCJjb250ZW50IjoicG9zdF9saW5rX3VybF9wYWdlIiwic2V0dGluZ3MiOnsicG9zdF9pZCI6IjMzMSJ9fQ==@&#8221; button_text=&#8221;VARAA AIKASI!&#8221; button_alignment=&#8221;center&#8221; _builder_version=&#8221;4.17.4&#8243; _dynamic_attributes=&#8221;button_url&#8221; _module_preset=&#8221;default&#8221; global_colors_info=&#8221;{}&#8221;][\/et_pb_button][\/et_pb_column][\/et_pb_row][et_pb_row disabled_on=&#8221;off|off|on&#8221; _builder_version=&#8221;4.16&#8243; _module_preset=&#8221;default&#8221; global_colors_info=&#8221;{}&#8221;][et_pb_column type=&#8221;4_4&#8243; _builder_version=&#8221;4.16&#8243; _module_preset=&#8221;default&#8221; global_colors_info=&#8221;{}&#8221;][et_pb_divider show_divider=&#8221;off&#8221; show_divider_tablet=&#8221;off&#8221; show_divider_phone=&#8221;on&#8221; show_divider_last_edited=&#8221;on|desktop&#8221; _builder_version=&#8221;4.16&#8243; _module_preset=&#8221;default&#8221; global_colors_info=&#8221;{}&#8221;][\/et_pb_divider][\/et_pb_column][\/et_pb_row][\/et_pb_section][et_pb_section fb_built=&#8221;1&#8243; admin_label=&#8221;Intro Section&#8221; _builder_version=&#8221;4.16&#8243; background_image=&#8221;https:\/\/www.kauneuscocktail.fi\/wp-content\/uploads\/2021\/10\/kauneuscocktail-parturikampaamo-tervajoella-03.png&#8221; background_position=&#8221;center_right&#8221; min_height=&#8221;350px&#8221; custom_padding=&#8221;60px|0px|60px|0px&#8221; global_colors_info=&#8221;{}&#8221;][et_pb_row column_structure=&#8221;1_2,1_2&#8243; admin_label=&#8221;Intro Row&#8221; _builder_version=&#8221;4.16&#8243; custom_margin=&#8221;0px||||false|false&#8221; custom_padding=&#8221;0px|0px|||false|false&#8221; background_last_edited=&#8221;on|tablet&#8221; background_image_tablet=&#8221;https:\/\/www.kauneuscocktail.fi\/wp-content\/uploads\/2021\/10\/kauneuscocktail-parturikampaamo-tervajoella-03.png&#8221; background_enable_image_tablet=&#8221;on&#8221; background_enable_image_phone=&#8221;off&#8221; background_size_tablet=&#8221;contain&#8221; background_size_phone=&#8221;contain&#8221; background_position_tablet=&#8221;top_right&#8221; global_colors_info=&#8221;{}&#8221;][et_pb_column type=&#8221;1_2&#8243; _builder_version=&#8221;4.16&#8243; custom_padding=&#8221;|||&#8221; background_last_edited=&#8221;on|tablet&#8221; background_image_phone=&#8221;https:\/\/www.kauneuscocktail.fi\/wp-content\/uploads\/2021\/10\/kauneuscocktail-parturikampaamo-tervajoella-03.png&#8221; background_enable_image_phone=&#8221;on&#8221; background_position_phone=&#8221;top_left&#8221; global_colors_info=&#8221;{}&#8221; custom_padding__hover=&#8221;|||&#8221;][et_pb_text admin_label=&#8221;Tittle &#038; Paragraph&#8221; _builder_version=&#8221;4.16&#8243; text_font=&#8221;Abhaya Libre|600|||||||&#8221; text_font_size=&#8221;16px&#8221; text_line_height=&#8221;1.8em&#8221; header_font=&#8221;Liberika Oblique||||||||&#8221; header_font_size=&#8221;72px&#8221; header_2_font=&#8221;Oswald|||on|||||&#8221; header_2_font_size=&#8221;45px&#8221; header_2_letter_spacing=&#8221;3px&#8221; header_2_line_height=&#8221;1.4em&#8221; module_alignment=&#8221;center&#8221; custom_margin=&#8221;40px|||&#8221; custom_margin_tablet=&#8221;0px|||&#8221; custom_margin_phone=&#8221;|||&#8221; custom_margin_last_edited=&#8221;on|phone&#8221; custom_padding=&#8221;32px|||||&#8221; global_colors_info=&#8221;{}&#8221;]<\/p>\n<h1>Kauneutta ja hyvinvointia<\/h1>\n<p>Meilt\u00e4 l\u00f6yd\u00e4t saman katon alta kaikki palvelut parturi-kampaajista kosmetologi-, jalkahoito- ja hierontapalveluihin. \u00a0Toimitilamme Tervajoella on viihtyis\u00e4 ja olet sinne aina tervetullut. Hemmottele itse\u00e4si tai muista sinulle t\u00e4rke\u00e4\u00e4 ihmist\u00e4 lahjakortilla!<\/p>\n<p>[\/et_pb_text][et_pb_button button_url=&#8221;@ET-DC@eyJkeW5hbWljIjp0cnVlLCJjb250ZW50IjoicG9zdF9saW5rX3VybF9wYWdlIiwic2V0dGluZ3MiOnsicG9zdF9pZCI6IjgyIn19@&#8221; button_text=&#8221;Tutustu palveluihimme!&#8221; _builder_version=&#8221;4.16&#8243; _dynamic_attributes=&#8221;button_url&#8221; _module_preset=&#8221;default&#8221; global_colors_info=&#8221;{}&#8221;][\/et_pb_button][\/et_pb_column][et_pb_column type=&#8221;1_2&#8243; _builder_version=&#8221;4.16&#8243; custom_padding=&#8221;|||&#8221; background_last_edited=&#8221;on|phone&#8221; background_enable_image_phone=&#8221;off&#8221; background_size_phone=&#8221;contain&#8221; background_position_phone=&#8221;top_left&#8221; global_colors_info=&#8221;{}&#8221; custom_padding__hover=&#8221;|||&#8221;][et_pb_image src=&#8221;https:\/\/www.kauneuscocktail.fi\/wp-content\/uploads\/2021\/12\/Kauneus-coctail-parturi-hieroja-kosmetologi-tervajoki-60.jpg&#8221; title_text=&#8221;Kauneus-coctail-parturi-hieroja-kosmetologi-tervajoki-60&#8243; _builder_version=&#8221;4.21.0&#8243; _module_preset=&#8221;default&#8221; global_colors_info=&#8221;{}&#8221;][\/et_pb_image][\/et_pb_column][\/et_pb_row][\/et_pb_section][et_pb_section fb_built=&#8221;1&#8243; _builder_version=&#8221;4.16&#8243; _module_preset=&#8221;default&#8221; global_colors_info=&#8221;{}&#8221;][et_pb_row use_custom_gutter=&#8221;on&#8221; gutter_width=&#8221;2&#8243; _builder_version=&#8221;4.16&#8243; _module_preset=&#8221;default&#8221; max_width=&#8221;2560px&#8221; global_colors_info=&#8221;{}&#8221;][et_pb_column type=&#8221;4_4&#8243; _builder_version=&#8221;4.16&#8243; _module_preset=&#8221;default&#8221; global_colors_info=&#8221;{}&#8221;][et_pb_text _builder_version=&#8221;4.21.0&#8243; _module_preset=&#8221;default&#8221; text_font=&#8221;Liberika Oblique||||||||&#8221; text_font_size=&#8221;62px&#8221; text_font_size_tablet=&#8221;62px&#8221; text_font_size_phone=&#8221;62px&#8221; text_font_size_last_edited=&#8221;on|tablet&#8221; global_colors_info=&#8221;{}&#8221;]<\/p>\n<p>Tutustu tiloihimme<\/p>\n<p>[\/et_pb_text][et_pb_gallery gallery_ids=&#8221;448,451,452,453,454,455,467,470,603,604,605,606,607,608,609,610,611,612,613,614&#8243; gallery_orderby=&#8221;rand&#8221; orientation=&#8221;portrait&#8221; show_title_and_caption=&#8221;off&#8221; zoom_icon_color=&#8221;#EECCCC&#8221; hover_overlay_color=&#8221;RGBA(221,207,202,0.2)&#8221; hover_icon=&#8221;&#xe089;||divi||400&#8243; _builder_version=&#8221;4.21.0&#8243; _module_preset=&#8221;default&#8221; width=&#8221;100%&#8221; border_color_all_image=&#8221;RGBA(0,0,0,0)&#8221; global_colors_info=&#8221;{}&#8221;][\/et_pb_gallery][\/et_pb_column][\/et_pb_row][\/et_pb_section][et_pb_section fb_built=&#8221;1&#8243; admin_label=&#8221;Footer Section&#8221; _builder_version=&#8221;4.9.11&#8243; background_color=&#8221;#81736D&#8221; custom_padding=&#8221;101px|0px|101px|0px&#8221; global_module=&#8221;222&#8243; saved_tabs=&#8221;all&#8221; global_colors_info=&#8221;{}&#8221;][et_pb_row column_structure=&#8221;1_4,1_4,1_4,1_4&#8243; admin_label=&#8221;Footer Row&#8221; _builder_version=&#8221;4.16&#8243; global_colors_info=&#8221;{}&#8221;][et_pb_column type=&#8221;1_4&#8243; _builder_version=&#8221;4.16&#8243; custom_padding=&#8221;|||&#8221; global_colors_info=&#8221;{}&#8221; custom_padding__hover=&#8221;|||&#8221;][et_pb_image src=&#8221;https:\/\/www.kauneuscocktail.fi\/wp-content\/uploads\/2021\/10\/logo.png&#8221; title_text=&#8221;logo&#8221; _builder_version=&#8221;4.16&#8243; _module_preset=&#8221;default&#8221; global_colors_info=&#8221;{}&#8221;][\/et_pb_image][\/et_pb_column][et_pb_column type=&#8221;1_4&#8243; _builder_version=&#8221;4.16&#8243; custom_padding=&#8221;|||&#8221; global_colors_info=&#8221;{}&#8221; custom_padding__hover=&#8221;|||&#8221;][et_pb_text admin_label=&#8221;Links&#8221; _builder_version=&#8221;4.16&#8243; text_font=&#8221;Abhaya Libre|600|||||||&#8221; text_text_color=&#8221;#ffffff&#8221; text_font_size=&#8221;18px&#8221; text_line_height=&#8221;1.4em&#8221; link_font=&#8221;Open Sans|600|||||||&#8221; link_text_color=&#8221;#ffffff&#8221; link_line_height=&#8221;2.5em&#8221; header_font=&#8221;||||||||&#8221; header_2_font=&#8221;||||||||&#8221; header_3_font=&#8221;||||||||&#8221; header_6_font=&#8221;Liberika Oblique|600|||||||&#8221; header_6_text_color=&#8221;rgba(255,255,255,0.4)&#8221; header_6_font_size=&#8221;30px&#8221; header_6_line_height=&#8221;1.7em&#8221; background_layout=&#8221;dark&#8221; module_alignment=&#8221;center&#8221; custom_margin=&#8221;|||&#8221; custom_margin_tablet=&#8221;0px|||&#8221; custom_margin_phone=&#8221;|||&#8221; custom_margin_last_edited=&#8221;off|desktop&#8221; text_line_height_last_edited=&#8221;off|desktop&#8221; global_colors_info=&#8221;{}&#8221;]<\/p>\n<h6>L\u00f6yd\u00e4t meid\u00e4t t\u00e4\u00e4lt\u00e4<\/h6>\n<p>Loukontie 2<br \/>66440 Tervajoki<\/p>\n<p>[\/et_pb_text][\/et_pb_column][et_pb_column type=&#8221;1_4&#8243; _builder_version=&#8221;4.16&#8243; custom_padding=&#8221;|||&#8221; global_colors_info=&#8221;{}&#8221; custom_padding__hover=&#8221;|||&#8221;][et_pb_text admin_label=&#8221;Links&#8221; _builder_version=&#8221;4.23.4&#8243; text_font=&#8221;Abhaya Libre|600|||||||&#8221; text_text_color=&#8221;#ffffff&#8221; text_font_size=&#8221;17px&#8221; text_line_height=&#8221;1em&#8221; link_font=&#8221;Open Sans|600|||||||&#8221; link_text_color=&#8221;#ffffff&#8221; link_line_height=&#8221;2.5em&#8221; header_font=&#8221;||||||||&#8221; header_2_font=&#8221;||||||||&#8221; header_3_font=&#8221;||||||||&#8221; header_6_font=&#8221;Liberika Oblique|600|||||||&#8221; header_6_text_color=&#8221;rgba(255,255,255,0.4)&#8221; header_6_font_size=&#8221;32px&#8221; header_6_line_height=&#8221;1.7em&#8221; background_layout=&#8221;dark&#8221; module_alignment=&#8221;center&#8221; custom_margin=&#8221;|||&#8221; custom_margin_tablet=&#8221;0px|||&#8221; custom_margin_phone=&#8221;|||&#8221; custom_margin_last_edited=&#8221;off|desktop&#8221; text_line_height_last_edited=&#8221;off|desktop&#8221; header_font_size_tablet=&#8221;&#8221; header_font_size_phone=&#8221;&#8221; header_font_size_last_edited=&#8221;on|phone&#8221; global_colors_info=&#8221;{}&#8221;]<\/p>\n<h6>Ota yhteytt\u00e4<\/h6>\n<p>Krista <a href=\"tel:+358505457379\">050 545 7379<\/a><br \/>Emma <a href=\"tel:+358456030668\">045 603 0668<\/a><br \/>Marianne <a href=\"tel:+358407453536\">040 745 3536<\/a><br \/>Pirita <a href=\"tel:+35850%20533 9173\"><span>050 533 9173<\/span><\/a><br \/>Niina <a href=\"tel:+358456928750\">045 692 8750<\/a><\/p>\n<p>[\/et_pb_text][\/et_pb_column][et_pb_column type=&#8221;1_4&#8243; _builder_version=&#8221;4.16&#8243; custom_padding=&#8221;|||&#8221; global_colors_info=&#8221;{}&#8221; custom_padding__hover=&#8221;|||&#8221;][et_pb_text admin_label=&#8221;Links&#8221; _builder_version=&#8221;4.16&#8243; text_font=&#8221;Abhaya Libre|500|||||||&#8221; text_text_color=&#8221;#ffffff&#8221; text_font_size=&#8221;17px&#8221; text_line_height=&#8221;1.2em&#8221; link_font=&#8221;Open Sans|600|||||||&#8221; link_text_color=&#8221;#ffffff&#8221; link_line_height=&#8221;2.5em&#8221; header_font=&#8221;||||||||&#8221; header_2_font=&#8221;||||||||&#8221; header_3_font=&#8221;||||||||&#8221; header_6_font=&#8221;Liberika Oblique|600|||||||&#8221; header_6_text_color=&#8221;rgba(255,255,255,0.4)&#8221; header_6_font_size=&#8221;32px&#8221; header_6_line_height=&#8221;1.7em&#8221; background_layout=&#8221;dark&#8221; module_alignment=&#8221;center&#8221; custom_margin=&#8221;|||&#8221; custom_margin_tablet=&#8221;0px|||&#8221; custom_margin_phone=&#8221;|||&#8221; custom_margin_last_edited=&#8221;off|desktop&#8221; text_line_height_last_edited=&#8221;off|desktop&#8221; global_colors_info=&#8221;{}&#8221;]<\/p>\n<h6>Aukioloajat<\/h6>\n<p>Sopimuksen mukaan maanantaista lauantaihin<\/p>\n<p>[\/et_pb_text][\/et_pb_column][\/et_pb_row][\/et_pb_section]<\/p>\n","protected":false},"excerpt":{"rendered":"<p>Kauneus CocktailKAUNEUTTA JA HYVINVOINTIA P\u00c4\u00c4ST\u00c4 VARPAISIINKauneutta ja hyvinvointia Meilt\u00e4 l\u00f6yd\u00e4t saman katon alta kaikki palvelut parturi-kampaajista kosmetologi-, jalkahoito- ja hierontapalveluihin. \u00a0Toimitilamme Tervajoella on viihtyis\u00e4 ja olet sinne aina tervetullut. Hemmottele itse\u00e4si tai muista sinulle t\u00e4rke\u00e4\u00e4 ihmist\u00e4 lahjakortilla!Tutustu tiloihimmeL\u00f6yd\u00e4t meid\u00e4t t\u00e4\u00e4lt\u00e4 Loukontie 266440 TervajokiOta yhteytt\u00e4 Krista 050 545 7379Emma 045 603 0668Marianne 040 745 3536Pirita 050 [&hellip;]<\/p>\n","protected":false},"author":1,"featured_media":0,"parent":0,"menu_order":0,"comment_status":"closed","ping_status":"open","template":"","meta":{"_et_pb_use_builder":"on","_et_pb_old_content":"","_et_gb_content_width":"","footnotes":""},"class_list":["post-2","page","type-page","status-publish","hentry"],"_links":{"self":[{"href":"https:\/\/www.kauneuscocktail.fi\/index.php\/wp-json\/wp\/v2\/pages\/2","targetHints":{"allow":["GET"]}}],"collection":[{"href":"https:\/\/www.kauneuscocktail.fi\/index.php\/wp-json\/wp\/v2\/pages"}],"about":[{"href":"https:\/\/www.kauneuscocktail.fi\/index.php\/wp-json\/wp\/v2\/types\/page"}],"author":[{"embeddable":true,"href":"https:\/\/www.kauneuscocktail.fi\/index.php\/wp-json\/wp\/v2\/users\/1"}],"replies":[{"embeddable":true,"href":"https:\/\/www.kauneuscocktail.fi\/index.php\/wp-json\/wp\/v2\/comments?post=2"}],"version-history":[{"count":68,"href":"https:\/\/www.kauneuscocktail.fi\/index.php\/wp-json\/wp\/v2\/pages\/2\/revisions"}],"predecessor-version":[{"id":687,"href":"https:\/\/www.kauneuscocktail.fi\/index.php\/wp-json\/wp\/v2\/pages\/2\/revisions\/687"}],"wp:attachment":[{"href":"https:\/\/www.kauneuscocktail.fi\/index.php\/wp-json\/wp\/v2\/media?parent=2"}],"curies":[{"name":"wp","href":"https:\/\/api.w.org\/{rel}","templated":true}]}}